{"id":4666,"date":"2022-06-09T09:59:18","date_gmt":"2022-06-09T07:59:18","guid":{"rendered":"https:\/\/www.cafedelmarydelsol.com\/menus\/"},"modified":"2024-08-22T10:01:11","modified_gmt":"2024-08-22T08:01:11","slug":"menus","status":"publish","type":"page","link":"https:\/\/www.cafedelmarydelsol.com\/es\/menus\/","title":{"rendered":"Men\u00fas"},"content":{"rendered":"\t\t<div data-elementor-type=\"wp-page\" data-elementor-id=\"4666\" class=\"elementor elementor-4666 elementor-3262\">\n\t\t\t\t\t\t<section class=\"elementor-section elementor-top-section elementor-element elementor-element-6142f6e2 elementor-section-height-min-height elementor-section-boxed elementor-section-height-default elementor-section-items-middle\" data-id=\"6142f6e2\" data-element_type=\"section\" data-settings=\"{&quot;background_background&quot;:&quot;classic&quot;,&quot;grandrestaurant_ext_is_background_parallax&quot;:&quot;true&quot;,&quot;shape_divider_bottom&quot;:&quot;split&quot;,&quot;grandrestaurant_ext_is_background_parallax_speed&quot;:{&quot;unit&quot;:&quot;px&quot;,&quot;size&quot;:0.8,&quot;sizes&quot;:[]},&quot;grandrestaurant_ext_is_background_on_scroll&quot;:&quot;false&quot;}\">\n\t\t\t\t\t\t\t<div class=\"elementor-background-overlay\"><\/div>\n\t\t\t\t\t\t<div class=\"elementor-shape elementor-shape-bottom\" data-negative=\"false\">\n\t\t\t<svg xmlns=\"http:\/\/www.w3.org\/2000\/svg\" viewBox=\"0 0 1000 20\" preserveAspectRatio=\"none\">\n\t<path class=\"elementor-shape-fill\" d=\"M0,0v3c0,0,393.8,0,483.4,0c9.2,0,16.6,7.4,16.6,16.6c0-9.1,7.4-16.6,16.6-16.6C606.2,3,1000,3,1000,3V0H0z\"\/>\n<\/svg>\t\t<\/div>\n\t\t\t\t\t<div class=\"elementor-container elementor-column-gap-default\">\n\t\t\t\t\t<div class=\"elementor-column elementor-col-100 elementor-top-column elementor-element elementor-element-2ed2d53b\" data-id=\"2ed2d53b\" data-element_type=\"column\" data-settings=\"{&quot;grandrestaurant_ext_link_reservation&quot;:&quot;false&quot;,&quot;grandrestaurant_ext_link_sidemenu&quot;:&quot;false&quot;,&quot;grandrestaurant_ext_is_scrollme&quot;:&quot;false&quot;,&quot;grandrestaurant_ext_is_smoove&quot;:&quot;false&quot;,&quot;grandrestaurant_ext_is_parallax_mouse&quot;:&quot;false&quot;,&quot;grandrestaurant_ext_is_infinite&quot;:&quot;false&quot;,&quot;grandrestaurant_ext_is_fadeout_animation&quot;:&quot;false&quot;}\">\n\t\t\t<div class=\"elementor-widget-wrap elementor-element-populated\">\n\t\t\t\t\t\t<div class=\"elementor-element elementor-element-6a1ee6c5 elementor-widget__width-inherit elementor-widget elementor-widget-grandrestaurant-animated-text\" data-id=\"6a1ee6c5\" data-element_type=\"widget\" data-settings=\"{&quot;grandrestaurant_ext_link_reservation&quot;:&quot;false&quot;,&quot;grandrestaurant_ext_link_sidemenu&quot;:&quot;false&quot;,&quot;grandrestaurant_ext_is_scrollme&quot;:&quot;false&quot;,&quot;grandrestaurant_ext_is_smoove&quot;:&quot;false&quot;,&quot;grandrestaurant_ext_is_parallax_mouse&quot;:&quot;false&quot;,&quot;grandrestaurant_ext_is_infinite&quot;:&quot;false&quot;}\" data-widget_type=\"grandrestaurant-animated-text.default\">\n\t\t\t\t<div class=\"elementor-widget-container\">\n\t\t\t<div class=\"themegoods-animated-text text-alignment-center transition-bottom overflow-hidden\" data-delimiter=\"sentence\" data-transition=\"100\" data-transition-delay=\"200\" data-transition-duration=\"800\">\n\t\t<h2>\n\t\tConsulta\t<\/h2>\n\t<\/div>\t\t<\/div>\n\t\t\t\t<\/div>\n\t\t\t\t<div class=\"elementor-element elementor-element-460d2714 elementor-widget__width-auto elementor-widget elementor-widget-grandrestaurant-animated-text\" data-id=\"460d2714\" data-element_type=\"widget\" data-settings=\"{&quot;grandrestaurant_ext_link_reservation&quot;:&quot;false&quot;,&quot;grandrestaurant_ext_link_sidemenu&quot;:&quot;false&quot;,&quot;grandrestaurant_ext_is_scrollme&quot;:&quot;false&quot;,&quot;grandrestaurant_ext_is_smoove&quot;:&quot;false&quot;,&quot;grandrestaurant_ext_is_parallax_mouse&quot;:&quot;false&quot;,&quot;grandrestaurant_ext_is_infinite&quot;:&quot;false&quot;}\" data-widget_type=\"grandrestaurant-animated-text.default\">\n\t\t\t\t<div class=\"elementor-widget-container\">\n\t\t\t<div class=\"themegoods-animated-text text-alignment-left transition-bottom overflow-hidden\" data-delimiter=\"word\" data-transition=\"100\" data-transition-delay=\"400\" data-transition-duration=\"800\">\n\t\t<h2>\n\t\tNuestros men\u00fas\t<\/h2>\n\t<\/div>\t\t<\/div>\n\t\t\t\t<\/div>\n\t\t\t\t\t<\/div>\n\t\t<\/div>\n\t\t\t\t\t<\/div>\n\t\t<\/section>\n\t\t\t\t<section class=\"elementor-section elementor-top-section elementor-element elementor-element-d8e7f9e elementor-section-boxed elementor-section-height-default elementor-section-height-default\" data-id=\"d8e7f9e\" data-element_type=\"section\" data-settings=\"{&quot;grandrestaurant_ext_is_background_parallax&quot;:&quot;false&quot;,&quot;grandrestaurant_ext_is_background_on_scroll&quot;:&quot;false&quot;}\">\n\t\t\t\t\t\t<div class=\"elementor-container elementor-column-gap-default\">\n\t\t\t\t\t<div class=\"elementor-column elementor-col-100 elementor-top-column elementor-element elementor-element-9ac4b16\" data-id=\"9ac4b16\" data-element_type=\"column\" data-settings=\"{&quot;grandrestaurant_ext_link_reservation&quot;:&quot;false&quot;,&quot;grandrestaurant_ext_link_sidemenu&quot;:&quot;false&quot;,&quot;grandrestaurant_ext_is_scrollme&quot;:&quot;false&quot;,&quot;grandrestaurant_ext_is_smoove&quot;:&quot;false&quot;,&quot;grandrestaurant_ext_is_parallax_mouse&quot;:&quot;false&quot;,&quot;grandrestaurant_ext_is_infinite&quot;:&quot;false&quot;,&quot;grandrestaurant_ext_is_fadeout_animation&quot;:&quot;false&quot;}\">\n\t\t\t<div class=\"elementor-widget-wrap elementor-element-populated\">\n\t\t\t\t\t\t<div class=\"elementor-element elementor-element-c9efde2 elementor-widget elementor-widget-html\" data-id=\"c9efde2\" data-element_type=\"widget\" data-settings=\"{&quot;grandrestaurant_ext_link_reservation&quot;:&quot;false&quot;,&quot;grandrestaurant_ext_link_sidemenu&quot;:&quot;false&quot;,&quot;grandrestaurant_ext_is_scrollme&quot;:&quot;false&quot;,&quot;grandrestaurant_ext_is_smoove&quot;:&quot;false&quot;,&quot;grandrestaurant_ext_is_parallax_mouse&quot;:&quot;false&quot;,&quot;grandrestaurant_ext_is_infinite&quot;:&quot;false&quot;,&quot;grandrestaurant_ext_is_fadeout_animation&quot;:&quot;false&quot;}\" data-widget_type=\"html.default\">\n\t\t\t\t<div class=\"elementor-widget-container\">\n\t\t\t<div class=\"container meniuRestaurant\">\r\n    <h1>Men\u00fa<\/h1>\r\n\r\n    <div class=\"menu-section\">\r\n        <h2>PAELLAS Y ARROCES<\/h2>\r\n        <div class=\"menu-item\">\r\n            <h3>Paella de mariscos<\/h3>\r\n            <span>Un plato de arroz con azafr\u00e1n, cocido con mariscos y verduras. 20,00\u20ac\/Per pers. M\u00ednimo 2 personas<\/span>\r\n        <\/div>\r\n        <div class=\"menu-item\">\r\n            <h3>Paella de carne<\/h3>\r\n            <span>17.50\u20ac\/Per pers. M\u00ednimo 2 personas<\/span>\r\n        <\/div>\r\n        <div class=\"menu-item\">\r\n            <h3>Paella mixta<\/h3>\r\n            <span>Paella de mariscos y carne. 21.80\u20ac\/Per pers. M\u00ednimo 2 personas<\/span>\r\n        <\/div>\r\n        <div class=\"menu-item\">\r\n            <h3>Arroz caldoso con bogavante<\/h3>\r\n            <span>25,00\u20ac\/Per pers. M\u00ednimo 2 personas<\/span>\r\n        <\/div>\r\n        <div class=\"menu-item\">\r\n            <h3>Arroz negro con pulpo y alioli<\/h3>\r\n            <span>20.00\u20ac\/Per pers. M\u00ednimo 2 personas<\/span>\r\n        <\/div>\r\n    <\/div>\r\n\r\n    <div class=\"menu-section\">\r\n        <h2>SOPAS<\/h2>\r\n        <div class=\"menu-item\">\r\n            <h3>Gazpacho con Pimiento Rojo y Verde<\/h3>\r\n            <span>Sopa fr\u00eda de verduras, servida con dados de pimiento rojo y verde. 8,00\u20ac<\/span>\r\n        <\/div>\r\n        <div class=\"menu-item\">\r\n            <h3>Salmorejo con Jam\u00f3n y Huevo<\/h3>\r\n            <span>Sopa fr\u00eda de tomate, servida con dados de huevo cocido y jam\u00f3n ib\u00e9rico. 8,00\u20ac<\/span>\r\n        <\/div>\r\n        <div class=\"menu-item\">\r\n            <h3>Sopa de Mariscos con Almejas, Calamar, Rosada, Mejillones y Gambas<\/h3>\r\n            <span>11,50\u20ac<\/span>\r\n        <\/div>\r\n        <div class=\"menu-item\">\r\n            <h3>Sopa de Tomate con Pan Tostado y Queso de Cabra<\/h3>\r\n            <span>9,80\u20ac<\/span>\r\n        <\/div>\r\n    <\/div>\r\n\r\n    <div class=\"menu-section\">\r\n        <h2>PARA COMPARTIR<\/h2>\r\n        <div class=\"menu-item\">\r\n            <h3>Mejillones a la Sidra<\/h3>\r\n            <span>13,00\u20ac<\/span>\r\n        <\/div>\r\n        <div class=\"menu-item\">\r\n            <h3>Puntillas de Calamar<\/h3>\r\n            <span>11,00\u20ac<\/span>\r\n        <\/div>\r\n        <div class=\"menu-item\">\r\n            <h3>Rosada Frita<\/h3>\r\n            <span>11,00\u20ac<\/span>\r\n        <\/div>\r\n        <div class=\"menu-item\">\r\n            <h3>Rejos Fritos<\/h3>\r\n            <span>11,00\u20ac<\/span>\r\n        <\/div>\r\n        <div class=\"menu-item\">\r\n            <h3>Boquerones Fritos<\/h3>\r\n            <span>11,00\u20ac<\/span>\r\n        <\/div>\r\n        <div class=\"menu-item\">\r\n            <h3>Mejillones al Estilo Belga<\/h3>\r\n            <span>Mejillones cocidos con apio, cebolla, nata, y vino blanco, servidos con patatas fritas. 14,50\u20ac<\/span>\r\n        <\/div>\r\n    <\/div>\r\n\r\n    <div class=\"menu-section\">\r\n        <h2>PARA EMPEZAR<\/h2>\r\n        <div class=\"menu-item\">\r\n            <h3>Croquetas de Jam\u00f3n con Alioli de Trufa<\/h3>\r\n            <span>9,50\u20ac<\/span>\r\n        <\/div>\r\n        <div class=\"menu-item\">\r\n            <h3>Patatas Bravas<\/h3>\r\n            <span>9,00\u20ac<\/span>\r\n        <\/div>\r\n        <div class=\"menu-item\">\r\n            <h3>Cazuela de Setas con Jam\u00f3n Serrano y Langostinos<\/h3>\r\n            <span>12,00\u20ac<\/span>\r\n        <\/div>\r\n        <div class=\"menu-item\">\r\n            <h3>Parrillada de Verduras con Queso de Cabra, Salsa de Miel y Mostaza (XL)<\/h3>\r\n            <span>16,50\u20ac<\/span>\r\n        <\/div>\r\n        <div class=\"menu-item\">\r\n            <h3>Berenjenas Crujientes con Miel de Ca\u00f1a<\/h3>\r\n            <span>11,00\u20ac<\/span>\r\n        <\/div>\r\n        <div class=\"menu-item\">\r\n            <h3>Gambas al Pil Pil<\/h3>\r\n            <span>12,00\u20ac<\/span>\r\n        <\/div>\r\n        <div class=\"menu-item\">\r\n            <h3>Queso Camembert Frito con Mermelada de Ar\u00e1ndanos y Crema de Yogur Griego<\/h3>\r\n            <span>11,00\u20ac<\/span>\r\n        <\/div>\r\n        <div class=\"menu-item\">\r\n            <h3>Nachos con Carne, Queso y Guacamole<\/h3>\r\n            <span>13,50\u20ac<\/span>\r\n        <\/div>\r\n        <div class=\"menu-item\">\r\n            <h3>Pan de Ajo<\/h3>\r\n            <span>3,20\u20ac<\/span>\r\n        <\/div>\r\n    <\/div>\r\n\r\n    <div class=\"menu-section\">\r\n        <h2>ENSALADAS<\/h2>\r\n        <div class=\"menu-item\">\r\n            <h3>Ensalada C\u00e9sar<\/h3>\r\n            <span>Lechuga iceberg, tomates cherry, queso parmesano, pechuga de pollo a la plancha, y picatostes. 13,50\u20ac<\/span>\r\n        <\/div>\r\n        <div class=\"menu-item\">\r\n            <h3>Ensalada Griega<\/h3>\r\n            <span>Tomate, pepino, cebolla roja, pimiento rojo y verde, aceitunas negras, y queso feta. 12,50\u20ac<\/span>\r\n        <\/div>\r\n        <div class=\"menu-item\">\r\n            <h3>Ensalada con Queso de Cabra<\/h3>\r\n            <span>Lechugas variadas, aguacate, tomates cherry, pasas, frutos secos, con queso de cabra a la plancha. 14,50\u20ac<\/span>\r\n        <\/div>\r\n        <div class=\"menu-item\">\r\n            <h3>Ensalada \"CAFE DEL MAR\"<\/h3>\r\n            <span>Aguacate, tomate, y r\u00facula, ali\u00f1ado con vinagreta de lima. 13,50\u20ac<\/span>\r\n        <\/div>\r\n        <div class=\"menu-item\">\r\n            <h3>Ensalada Mixta con At\u00fan<\/h3>\r\n            <span>12,50\u20ac<\/span>\r\n        <\/div>\r\n    <\/div>\r\n\r\n    <div class=\"menu-section\">\r\n        <h2>PASTA<\/h2>\r\n        <div class=\"menu-item\">\r\n            <h3>Thai Noodles con Pollo, Langostinos y Verduras<\/h3>\r\n            <span>14,50\u20ac<\/span>\r\n        <\/div>\r\n        <div class=\"menu-item\">\r\n            <h3>Pasta con Salm\u00f3n<\/h3>\r\n            <span>14,90\u20ac<\/span>\r\n        <\/div>\r\n        <div class=\"menu-item\">\r\n            <h3>Pasta Carbonara<\/h3>\r\n            <span>Beicon, nata, y queso parmesano. 13,50\u20ac<\/span>\r\n        <\/div>\r\n        <div class=\"menu-item\">\r\n            <h3>Pasta con Verduras<\/h3>\r\n            <span>14,00\u20ac<\/span>\r\n        <\/div>\r\n        <div class=\"menu-item\">\r\n            <h3>Lasa\u00f1a a la Bolo\u00f1esa<\/h3>\r\n            <span>15,50\u20ac<\/span>\r\n        <\/div>\r\n        <div class=\"menu-item\">\r\n            <h3>Lasa\u00f1a con Espinacas<\/h3>\r\n            <span>15,50\u20ac<\/span>\r\n        <\/div>\r\n        <div class=\"menu-item\">\r\n            <h3>Pasta a la Marinera<\/h3>\r\n            <span>Mejillones, calamar, gamb\u00f3n, pulpo, y almejas. 16,50\u20ac<\/span>\r\n        <\/div>\r\n        <div class=\"menu-item\">\r\n            <h3>Pasta con Gambas al Ajillo<\/h3>\r\n            <span>13,80\u20ac<\/span>\r\n        <\/div>\r\n        <div class=\"menu-item\">\r\n            <h3>Pasta \"Cafe del Mar\"<\/h3>\r\n            <span>Pasta con gambas, verduras, salsa de soja, y salsa chili dulce. 14,50\u20ac<\/span>\r\n        <\/div>\r\n    <\/div>\r\n\r\n    <div class=\"menu-section\">\r\n        <h2>PECES Y DELICIAS MARINAS<\/h2>\r\n        <div class=\"menu-item\">\r\n            <h3>Salm\u00f3n a la Plancha con Salsa T\u00e1rtara y \"Patatas a lo Pobre\"<\/h3>\r\n            <span>16,00\u20ac<\/span>\r\n        <\/div>\r\n        <div class=\"menu-item\">\r\n            <h3>Pulpo a la Plancha con Ensalada y Vinagreta de Lima y Hierbas<\/h3>\r\n            <span>28,00\u20ac<\/span>\r\n        <\/div>\r\n        <div class=\"menu-item\">\r\n            <h3>Filete de Dorada a la Plancha con Arroz<\/h3>\r\n            <span>17,50\u20ac<\/span>\r\n        <\/div>\r\n        <div class=\"menu-item\">\r\n            <h3>Bacalao Frito con Patatas Fritas y Ensalada<\/h3>\r\n            <span>14,50\u20ac<\/span>\r\n        <\/div>\r\n        <div class=\"menu-item\">\r\n            <h3>Calamar Frito con Patatas Fritas y Ensalada<\/h3>\r\n            <span>14,50\u20ac<\/span>\r\n        <\/div>\r\n        <div class=\"menu-item\">\r\n            <h3>Pulpo a la Gallega<\/h3>\r\n            <span>28,00\u20ac<\/span>\r\n        <\/div>\r\n        <div class=\"menu-item\">\r\n            <h3>Rosada a la Plancha con Patatas Fritas y Ensalada<\/h3>\r\n            <span>14,50\u20ac<\/span>\r\n        <\/div>\r\n        <div class=\"menu-item\">\r\n            <h3>Fritura Malague\u00f1a (2 Pers.)<\/h3>\r\n            <span>30,00\u20ac<\/span>\r\n        <\/div>\r\n        <div class=\"menu-item\">\r\n            <h3>Calamar a la Plancha con Ensalada Mixta, Vinagreta de Lima y Hierbas<\/h3>\r\n            <span>27,90\u20ac<\/span>\r\n        <\/div>\r\n        <div class=\"menu-item\">\r\n            <h3>Lomo de Bacalao Confitado al Pomodoro, con Patatas Torneadas<\/h3>\r\n            <span>16,50\u20ac<\/span>\r\n        <\/div>\r\n    <\/div>\r\n\r\n    <div class=\"menu-section\">\r\n        <h2>NUESTRAS CARNES, ROJAS Y BLANCAS<\/h2>\r\n        <div class=\"menu-item\">\r\n            <h3>Entrecot de Ternera a la Plancha, con Patatas a lo Pobre<\/h3>\r\n            <span>24,50\u20ac<\/span>\r\n        <\/div>\r\n        <div class=\"menu-item\">\r\n            <h3>Solomillo de Ternera a la Plancha con Patatas a lo Pobre<\/h3>\r\n            <span>27,50\u20ac<\/span>\r\n        <\/div>\r\n        <div class=\"menu-item\">\r\n            <h3>Codillo de Cerdo en su Jugo<\/h3>\r\n            <span>18,90\u20ac<\/span>\r\n        <\/div>\r\n        <div class=\"menu-item\">\r\n            <h3>Chuletas de Cordero a la Plancha con Salsa de Ajo y Tomillo, Patatas a lo Pobre<\/h3>\r\n            <span>19,90\u20ac<\/span>\r\n        <\/div>\r\n        <div class=\"menu-item\">\r\n            <h3>Solomillo de Cerdo con Salsa a la Pimienta, Patatas a lo Pobre<\/h3>\r\n            <span>16,50\u20ac<\/span>\r\n        <\/div>\r\n        <div class=\"menu-item\">\r\n            <h3>Rabo de Toro<\/h3>\r\n            <span>Marinado en vino tinto con verduras, y cocido a fuego lento. 17,50\u20ac<\/span>\r\n        <\/div>\r\n        <div class=\"menu-item\">\r\n            <h3>Pechuga de Pollo a la Plancha con Patatas Fritas<\/h3>\r\n            <span>13,90\u20ac<\/span>\r\n        <\/div>\r\n        <div class=\"menu-item\">\r\n            <h3>Brocheta de Pollo a la Plancha con Patatas Fritas<\/h3>\r\n            <span>15,90\u20ac<\/span>\r\n        <\/div>\r\n        <div class=\"menu-item\">\r\n            <h3>Costillas de Cerdo con Salsa Barbacoa y Patatas Fritas<\/h3>\r\n            <span>19,00\u20ac<\/span>\r\n        <\/div>\r\n        <div class=\"menu-item\">\r\n            <h3>Costillas de Ternera al Horno, con Patatas Fritas<\/h3>\r\n            <span>18,80\u20ac<\/span>\r\n        <\/div>\r\n        <div class=\"menu-item\">\r\n            <h3>Tiras de Solomillo de Ternera al Stroganoff, con Arroz Salvaje<\/h3>\r\n            <span>20,90\u20ac<\/span>\r\n        <\/div>\r\n        <div class=\"menu-item\">\r\n            <h3>Chulet\u00f3n de Ternera a la Parrilla, con Pimientos de Padr\u00f3n y \"Patatas Chulas\"<\/h3>\r\n            <span>54,00\u20ac<\/span>\r\n        <\/div>\r\n        <div class=\"menu-item\">\r\n            <h3>Secreto Ib\u00e9rico a la Parrilla con Pimientos de Padr\u00f3n y Patatas Fritas<\/h3>\r\n            <span>19,50\u20ac<\/span>\r\n        <\/div>\r\n        <div class=\"menu-item\">\r\n            <h3>Pollo a la Milanesa con pasta o patatas fritas<\/h3>\r\n            <span>15.90\u20ac<\/span>\r\n        <\/div>\r\n        <div class=\"menu-item\">\r\n            <h3>Pata de Cordero al tomillo con patas a lo pobre<\/h3>\r\n            <span>23,00\u20ac<\/span>\r\n        <\/div>\r\n    <\/div>\r\n\r\n    <div class=\"menu-section\">\r\n        <h2>DELICIAS DE LA CARNE ENTRE PANES<\/h2>\r\n        <div class=\"menu-item\">\r\n            <h3>Hamburguesa con Queso (100% Black Angus)<\/h3>\r\n            <span>13,50\u20ac<\/span>\r\n        <\/div>\r\n        <div class=\"menu-item\">\r\n            <h3>Hamburguesa Mexicana (100% Black Angus)<\/h3>\r\n            <span>Guacamole, queso cheddar, beicon, salsa picante, jalape\u00f1os, y cebolla marinada. 14,50\u20ac<\/span>\r\n        <\/div>\r\n        <div class=\"menu-item\">\r\n            <h3>Hamburguesa \"CAFE DEL MAR\" (100% Black Angus)<\/h3>\r\n            <span>Con queso azul, cebolla caramelizada, r\u00facula, manzana, salsa de pepinillo con mostaza, y salsa barbacoa. 14,50\u20ac<\/span>\r\n        <\/div>\r\n        <div class=\"menu-item\">\r\n            <h3>Hamburguesa de Pollo Crujiente<\/h3>\r\n            <span>11,00\u20ac<\/span>\r\n        <\/div>\r\n        <div class=\"menu-item\">\r\n            <h3>Hamburguesa Cl\u00e1sica con Queso<\/h3>\r\n            <span>12,00\u20ac<\/span>\r\n        <\/div>\r\n        <div class=\"menu-item\">\r\n            <h3>Hamburguesa Vegetariana<\/h3>\r\n            <span>Con tomate, cebolla, lechuga, y guacamole. 12,50\u20ac<\/span>\r\n        <\/div>\r\n    <\/div>\r\n<\/div>\r\n\t\t<\/div>\n\t\t\t\t<\/div>\n\t\t\t\t\t<\/div>\n\t\t<\/div>\n\t\t\t\t\t<\/div>\n\t\t<\/section>\n\t\t\t\t<\/div>\n\t\t","protected":false},"excerpt":{"rendered":"<p>Consulta Nuestros men\u00fas Men\u00fa PAELLAS Y ARROCES Paella de mariscos Un plato de arroz con azafr\u00e1n, cocido con mariscos y verduras. 20,00\u20ac\/Per pers. M\u00ednimo 2 personas Paella de carne 17.50\u20ac\/Per pers. M\u00ednimo 2 personas Paella mixta Paella de mariscos y [&hellip;]<\/p>\n","protected":false},"author":1,"featured_media":0,"parent":0,"menu_order":0,"comment_status":"closed","ping_status":"closed","template":"","meta":{"footnotes":""},"_links":{"self":[{"href":"https:\/\/www.cafedelmarydelsol.com\/es\/wp-json\/wp\/v2\/pages\/4666"}],"collection":[{"href":"https:\/\/www.cafedelmarydelsol.com\/es\/wp-json\/wp\/v2\/pages"}],"about":[{"href":"https:\/\/www.cafedelmarydelsol.com\/es\/wp-json\/wp\/v2\/types\/page"}],"author":[{"embeddable":true,"href":"https:\/\/www.cafedelmarydelsol.com\/es\/wp-json\/wp\/v2\/users\/1"}],"replies":[{"embeddable":true,"href":"https:\/\/www.cafedelmarydelsol.com\/es\/wp-json\/wp\/v2\/comments?post=4666"}],"version-history":[{"count":28,"href":"https:\/\/www.cafedelmarydelsol.com\/es\/wp-json\/wp\/v2\/pages\/4666\/revisions"}],"predecessor-version":[{"id":5351,"href":"https:\/\/www.cafedelmarydelsol.com\/es\/wp-json\/wp\/v2\/pages\/4666\/revisions\/5351"}],"wp:attachment":[{"href":"https:\/\/www.cafedelmarydelsol.com\/es\/wp-json\/wp\/v2\/media?parent=4666"}],"curies":[{"name":"wp","href":"https:\/\/api.w.org\/{rel}","templated":true}]}}